{"id":7092,"date":"2025-03-06T01:43:55","date_gmt":"2025-03-06T00:43:55","guid":{"rendered":"https:\/\/interamplify.com\/productos\/"},"modified":"2026-04-14T21:18:58","modified_gmt":"2026-04-14T19:18:58","slug":"productos","status":"publish","type":"page","link":"https:\/\/interamplify.com\/es\/productos\/","title":{"rendered":"Productos"},"content":{"rendered":"\t\t<div data-elementor-type=\"wp-page\" data-elementor-id=\"7092\" class=\"elementor elementor-7092 elementor-5268\" data-elementor-post-type=\"page\">\n\t\t\t\t<div class=\"elementor-element elementor-element-1d915d9 e-flex e-con-boxed e-con e-parent\" data-id=\"1d915d9\" data-element_type=\"container\" data-settings=\"{&quot;background_background&quot;:&quot;classic&quot;}\">\n\t\t\t\t\t<div class=\"e-con-inner\">\n\t\t\t\t<div class=\"elementor-element elementor-element-4588a6b elementor-align-center elementor-widget elementor-widget-button\" data-id=\"4588a6b\" data-element_type=\"widget\" data-widget_type=\"button.default\">\n\t\t\t\t<div class=\"elementor-widget-container\">\n\t\t\t\t\t\t\t\t\t<div class=\"elementor-button-wrapper\">\n\t\t\t\t\t<a class=\"elementor-button elementor-size-sm\" role=\"button\">\n\t\t\t\t\t\t<span class=\"elementor-button-content-wrapper\">\n\t\t\t\t\t\t\t\t\t<span class=\"elementor-button-text\">Desarrollado por Interamplify<\/span>\n\t\t\t\t\t<\/span>\n\t\t\t\t\t<\/a>\n\t\t\t\t<\/div>\n\t\t\t\t\t\t\t\t<\/div>\n\t\t\t\t<\/div>\n\t\t\t\t<div class=\"elementor-element elementor-element-50c59ff elementor-widget__width-initial elementor-widget-mobile__width-inherit elementor-widget elementor-widget-heading\" data-id=\"50c59ff\" data-element_type=\"widget\" data-widget_type=\"heading.default\">\n\t\t\t\t<div class=\"elementor-widget-container\">\n\t\t\t\t\t<h1 class=\"elementor-heading-title elementor-size-default\">Soluciones creadas para <span style=\"color: #005FFB\">Impulsar tu Proyecto<\/span>\n<\/h1>\t\t\t\t<\/div>\n\t\t\t\t<\/div>\n\t\t\t\t<div class=\"elementor-element elementor-element-fddbdee elementor-widget__width-inherit elementor-widget-mobile__width-inherit elementor-invisible elementor-widget elementor-widget-text-editor\" data-id=\"fddbdee\" data-element_type=\"widget\" data-settings=\"{&quot;_animation&quot;:&quot;fadeInUp&quot;,&quot;_animation_mobile&quot;:&quot;none&quot;}\" data-widget_type=\"text-editor.default\">\n\t\t\t\t<div class=\"elementor-widget-container\">\n\t\t\t\t\t\t\t\t\t<p>Descubre nuestro conjunto de innovadores productos SaaS dise\u00f1ados para impulsar los rankings, optimizar las estrategias de afiliaci\u00f3n y mejorar la visibilidad global. Tanto si necesitas contenidos impulsados por IA, un seguimiento avanzado o potentes herramientas de Marketing .<\/p>\t\t\t\t\t\t\t\t<\/div>\n\t\t\t\t<\/div>\n\t\t\t\t<div class=\"elementor-element elementor-element-11af573 elementor-align-center elementor-widget elementor-widget-button\" data-id=\"11af573\" data-element_type=\"widget\" data-widget_type=\"button.default\">\n\t\t\t\t<div class=\"elementor-widget-container\">\n\t\t\t\t\t\t\t\t\t<div class=\"elementor-button-wrapper\">\n\t\t\t\t\t<a class=\"elementor-button elementor-button-link elementor-size-sm\" href=\"https:\/\/interamplify.com\/es\/reserva-una-llamada\/\">\n\t\t\t\t\t\t<span class=\"elementor-button-content-wrapper\">\n\t\t\t\t\t\t\t\t\t<span class=\"elementor-button-text\">Hablemos hoy<\/span>\n\t\t\t\t\t<\/span>\n\t\t\t\t\t<\/a>\n\t\t\t\t<\/div>\n\t\t\t\t\t\t\t\t<\/div>\n\t\t\t\t<\/div>\n\t\t\t\t\t<\/div>\n\t\t\t\t<\/div>\n\t\t<div class=\"elementor-element elementor-element-027c9fe e-flex e-con-boxed e-con e-parent\" data-id=\"027c9fe\" data-element_type=\"container\" data-settings=\"{&quot;background_background&quot;:&quot;classic&quot;}\">\n\t\t\t\t\t<div class=\"e-con-inner\">\n\t\t<div class=\"elementor-element elementor-element-0a6527b e-con-full e-flex e-con e-child\" data-id=\"0a6527b\" data-element_type=\"container\" data-settings=\"{&quot;background_background&quot;:&quot;classic&quot;}\">\n\t\t<div class=\"elementor-element elementor-element-aaf9554 e-con-full e-flex e-con e-child\" data-id=\"aaf9554\" data-element_type=\"container\" data-settings=\"{&quot;background_background&quot;:&quot;classic&quot;}\">\n\t\t\t\t<div class=\"elementor-element elementor-element-dd59e2f elementor-widget elementor-widget-image\" data-id=\"dd59e2f\" data-element_type=\"widget\" data-widget_type=\"image.default\">\n\t\t\t\t<div class=\"elementor-widget-container\">\n\t\t\t\t\t\t\t\t\t\t\t\t\t\t\t<img fetchpriority=\"high\" decoding=\"async\" width=\"700\" height=\"600\" src=\"https:\/\/interamplify.com\/wp-content\/uploads\/2025\/03\/product-logo-ors-traffic.png\" class=\"attachment-large size-large wp-image-6685\" alt=\"\" srcset=\"https:\/\/interamplify.com\/wp-content\/uploads\/2025\/03\/product-logo-ors-traffic.png 700w, https:\/\/interamplify.com\/wp-content\/uploads\/2025\/03\/product-logo-ors-traffic-300x257.png 300w\" sizes=\"(max-width: 700px) 100vw, 700px\" \/>\t\t\t\t\t\t\t\t\t\t\t\t\t\t\t<\/div>\n\t\t\t\t<\/div>\n\t\t\t\t<\/div>\n\t\t<div class=\"elementor-element elementor-element-e5bc0f2 e-con-full e-flex e-con e-child\" data-id=\"e5bc0f2\" data-element_type=\"container\" data-settings=\"{&quot;background_background&quot;:&quot;classic&quot;}\">\n\t\t\t\t<div class=\"elementor-element elementor-element-0c3ed66 elementor-widget__width-initial elementor-widget elementor-widget-heading\" data-id=\"0c3ed66\" data-element_type=\"widget\" data-widget_type=\"heading.default\">\n\t\t\t\t<div class=\"elementor-widget-container\">\n\t\t\t\t\t<h2 class=\"elementor-heading-title elementor-size-default\">ORSTraffic<\/h2>\t\t\t\t<\/div>\n\t\t\t\t<\/div>\n\t\t\t\t<div class=\"elementor-element elementor-element-f24db03 elementor-widget elementor-widget-text-editor\" data-id=\"f24db03\" data-element_type=\"widget\" data-settings=\"{&quot;_animation&quot;:&quot;none&quot;}\" data-widget_type=\"text-editor.default\">\n\t\t\t\t<div class=\"elementor-widget-container\">\n\t\t\t\t\t\t\t\t\t<p>Lleva la clasificaci\u00f3n de tu sitio web al siguiente nivel con las Se\u00f1ales de Clasificaci\u00f3n Optimizadas (ORS), una potente herramienta dise\u00f1ada para amplificar tu presencia online y llevar tu sitio a lo m\u00e1s alto de Google. Aprovechando t\u00e9cnicas avanzadas de optimizaci\u00f3n, ORS mejora los factores clave de clasificaci\u00f3n, impulsando m\u00e1s tr\u00e1fico y aumentando la visibilidad.<\/p><p>Tanto si quieres superar a tus competidores como asegurarte una posici\u00f3n dominante en los resultados de b\u00fasqueda, este servicio de vanguardia te proporciona la ventaja estrat\u00e9gica que necesitas para el \u00e9xito de Marketing a largo plazo<\/p>\t\t\t\t\t\t\t\t<\/div>\n\t\t\t\t<\/div>\n\t\t\t\t<div class=\"elementor-element elementor-element-148a03d elementor-align-left elementor-widget elementor-widget-button\" data-id=\"148a03d\" data-element_type=\"widget\" data-widget_type=\"button.default\">\n\t\t\t\t<div class=\"elementor-widget-container\">\n\t\t\t\t\t\t\t\t\t<div class=\"elementor-button-wrapper\">\n\t\t\t\t\t<a class=\"elementor-button elementor-button-link elementor-size-sm\" href=\"https:\/\/interamplify.com\/es\/reserva-una-llamada\/\">\n\t\t\t\t\t\t<span class=\"elementor-button-content-wrapper\">\n\t\t\t\t\t\t\t\t\t<span class=\"elementor-button-text\">Hablemos hoy<\/span>\n\t\t\t\t\t<\/span>\n\t\t\t\t\t<\/a>\n\t\t\t\t<\/div>\n\t\t\t\t\t\t\t\t<\/div>\n\t\t\t\t<\/div>\n\t\t\t\t<\/div>\n\t\t\t\t<\/div>\n\t\t\t\t\t<\/div>\n\t\t\t\t<\/div>\n\t\t<div class=\"elementor-element elementor-element-136a31c e-flex e-con-boxed e-con e-parent\" data-id=\"136a31c\" data-element_type=\"container\" data-settings=\"{&quot;background_background&quot;:&quot;classic&quot;}\">\n\t\t\t\t\t<div class=\"e-con-inner\">\n\t\t<div class=\"elementor-element elementor-element-1100edc e-con-full e-flex e-con e-child\" data-id=\"1100edc\" data-element_type=\"container\" data-settings=\"{&quot;background_background&quot;:&quot;classic&quot;}\">\n\t\t<div class=\"elementor-element elementor-element-9578af2 e-con-full e-flex e-con e-child\" data-id=\"9578af2\" data-element_type=\"container\" data-settings=\"{&quot;background_background&quot;:&quot;classic&quot;}\">\n\t\t\t\t<div class=\"elementor-element elementor-element-8cda7e1 elementor-widget elementor-widget-image\" data-id=\"8cda7e1\" data-element_type=\"widget\" data-widget_type=\"image.default\">\n\t\t\t\t<div class=\"elementor-widget-container\">\n\t\t\t\t\t\t\t\t\t\t\t\t\t\t\t<img decoding=\"async\" width=\"700\" height=\"600\" src=\"https:\/\/interamplify.com\/wp-content\/uploads\/2025\/03\/product-logo-serptopia.png\" class=\"attachment-large size-large wp-image-6688\" alt=\"\" srcset=\"https:\/\/interamplify.com\/wp-content\/uploads\/2025\/03\/product-logo-serptopia.png 700w, https:\/\/interamplify.com\/wp-content\/uploads\/2025\/03\/product-logo-serptopia-300x257.png 300w\" sizes=\"(max-width: 700px) 100vw, 700px\" \/>\t\t\t\t\t\t\t\t\t\t\t\t\t\t\t<\/div>\n\t\t\t\t<\/div>\n\t\t\t\t<\/div>\n\t\t<div class=\"elementor-element elementor-element-c2566db e-con-full e-flex e-con e-child\" data-id=\"c2566db\" data-element_type=\"container\" data-settings=\"{&quot;background_background&quot;:&quot;classic&quot;}\">\n\t\t\t\t<div class=\"elementor-element elementor-element-b4e843f elementor-widget__width-initial elementor-widget elementor-widget-heading\" data-id=\"b4e843f\" data-element_type=\"widget\" data-widget_type=\"heading.default\">\n\t\t\t\t<div class=\"elementor-widget-container\">\n\t\t\t\t\t<h2 class=\"elementor-heading-title elementor-size-default\">SERPTopia<\/h2>\t\t\t\t<\/div>\n\t\t\t\t<\/div>\n\t\t\t\t<div class=\"elementor-element elementor-element-5c47165 elementor-widget elementor-widget-text-editor\" data-id=\"5c47165\" data-element_type=\"widget\" data-settings=\"{&quot;_animation&quot;:&quot;none&quot;}\" data-widget_type=\"text-editor.default\">\n\t\t\t\t<div class=\"elementor-widget-container\">\n\t\t\t\t\t\t\t\t\t<p>Desbloquea todo el potencial de SERPTOPIA, la soluci\u00f3n definitiva para potenciar diversas fuentes de tr\u00e1fico e impulsar el compromiso viral, todo ello con el objetivo de asegurar las primeras posiciones en los resultados de b\u00fasqueda.<\/p><p>Nuestra tecnolog\u00eda de vanguardia garantiza la m\u00e1xima eficacia en el Marketing internacional, adapt\u00e1ndose perfectamente a cualquier mercado y manteniendo al mismo tiempo las normas de seguridad m\u00e1s estrictas. Adel\u00e1ntate a la competencia con una estrategia dise\u00f1ada para el \u00e9xito global<\/p>\t\t\t\t\t\t\t\t<\/div>\n\t\t\t\t<\/div>\n\t\t\t\t<div class=\"elementor-element elementor-element-6a528f0 elementor-align-left elementor-widget elementor-widget-button\" data-id=\"6a528f0\" data-element_type=\"widget\" data-widget_type=\"button.default\">\n\t\t\t\t<div class=\"elementor-widget-container\">\n\t\t\t\t\t\t\t\t\t<div class=\"elementor-button-wrapper\">\n\t\t\t\t\t<a class=\"elementor-button elementor-button-link elementor-size-sm\" href=\"https:\/\/interamplify.com\/es\/reserva-una-llamada\/\">\n\t\t\t\t\t\t<span class=\"elementor-button-content-wrapper\">\n\t\t\t\t\t\t\t\t\t<span class=\"elementor-button-text\">Hablemos hoy<\/span>\n\t\t\t\t\t<\/span>\n\t\t\t\t\t<\/a>\n\t\t\t\t<\/div>\n\t\t\t\t\t\t\t\t<\/div>\n\t\t\t\t<\/div>\n\t\t\t\t<\/div>\n\t\t\t\t<\/div>\n\t\t\t\t\t<\/div>\n\t\t\t\t<\/div>\n\t\t<div class=\"elementor-element elementor-element-94ab447 e-flex e-con-boxed e-con e-parent\" data-id=\"94ab447\" data-element_type=\"container\" data-settings=\"{&quot;background_background&quot;:&quot;classic&quot;}\">\n\t\t\t\t\t<div class=\"e-con-inner\">\n\t\t<div class=\"elementor-element elementor-element-c7ccc22 e-con-full e-flex e-con e-child\" data-id=\"c7ccc22\" data-element_type=\"container\" data-settings=\"{&quot;background_background&quot;:&quot;classic&quot;}\">\n\t\t<div class=\"elementor-element elementor-element-81e8f3a e-con-full e-flex e-con e-child\" data-id=\"81e8f3a\" data-element_type=\"container\" data-settings=\"{&quot;background_background&quot;:&quot;classic&quot;}\">\n\t\t\t\t<div class=\"elementor-element elementor-element-5e24263 elementor-widget elementor-widget-image\" data-id=\"5e24263\" data-element_type=\"widget\" data-widget_type=\"image.default\">\n\t\t\t\t<div class=\"elementor-widget-container\">\n\t\t\t\t\t\t\t\t\t\t\t\t\t\t\t<img decoding=\"async\" width=\"700\" height=\"600\" src=\"https:\/\/interamplify.com\/wp-content\/uploads\/2025\/03\/product-logo-brandlisty.png\" class=\"attachment-large size-large wp-image-6687\" alt=\"\" srcset=\"https:\/\/interamplify.com\/wp-content\/uploads\/2025\/03\/product-logo-brandlisty.png 700w, https:\/\/interamplify.com\/wp-content\/uploads\/2025\/03\/product-logo-brandlisty-300x257.png 300w\" sizes=\"(max-width: 700px) 100vw, 700px\" \/>\t\t\t\t\t\t\t\t\t\t\t\t\t\t\t<\/div>\n\t\t\t\t<\/div>\n\t\t\t\t<\/div>\n\t\t<div class=\"elementor-element elementor-element-6bb2cf6 e-con-full e-flex e-con e-child\" data-id=\"6bb2cf6\" data-element_type=\"container\" data-settings=\"{&quot;background_background&quot;:&quot;classic&quot;}\">\n\t\t\t\t<div class=\"elementor-element elementor-element-ee4dc9b elementor-widget__width-initial elementor-widget elementor-widget-heading\" data-id=\"ee4dc9b\" data-element_type=\"widget\" data-widget_type=\"heading.default\">\n\t\t\t\t<div class=\"elementor-widget-container\">\n\t\t\t\t\t<h2 class=\"elementor-heading-title elementor-size-default\">BrandListy<\/h2>\t\t\t\t<\/div>\n\t\t\t\t<\/div>\n\t\t\t\t<div class=\"elementor-element elementor-element-e53134c elementor-widget elementor-widget-text-editor\" data-id=\"e53134c\" data-element_type=\"widget\" data-settings=\"{&quot;_animation&quot;:&quot;none&quot;}\" data-widget_type=\"text-editor.default\">\n\t\t\t\t<div class=\"elementor-widget-container\">\n\t\t\t\t\t\t\t\t\t<p>Toma el control total de tu estrategia de afiliaci\u00f3n con BrandListy, la soluci\u00f3n todo en uno para afiliados de juegos de azar. Crea y personaliza f\u00e1cilmente listas de marcas y botones CTA para integrarlos a la perfecci\u00f3n en tus sitios web.  <\/p><p>Rastrea los clics, mide el rendimiento con an\u00e1lisis avanzados y optimiza tus campa\u00f1as como nunca antes. Maximiza tus conversiones con precisi\u00f3n y eficacia<\/p>\t\t\t\t\t\t\t\t<\/div>\n\t\t\t\t<\/div>\n\t\t\t\t<div class=\"elementor-element elementor-element-6ea028c elementor-align-left elementor-widget elementor-widget-button\" data-id=\"6ea028c\" data-element_type=\"widget\" data-widget_type=\"button.default\">\n\t\t\t\t<div class=\"elementor-widget-container\">\n\t\t\t\t\t\t\t\t\t<div class=\"elementor-button-wrapper\">\n\t\t\t\t\t<a class=\"elementor-button elementor-button-link elementor-size-sm\" href=\"https:\/\/interamplify.com\/brandlisty-join-the-waitlist\/\">\n\t\t\t\t\t\t<span class=\"elementor-button-content-wrapper\">\n\t\t\t\t\t\t\t\t\t<span class=\"elementor-button-text\">Descubre BrandListy<\/span>\n\t\t\t\t\t<\/span>\n\t\t\t\t\t<\/a>\n\t\t\t\t<\/div>\n\t\t\t\t\t\t\t\t<\/div>\n\t\t\t\t<\/div>\n\t\t\t\t<\/div>\n\t\t\t\t<\/div>\n\t\t\t\t\t<\/div>\n\t\t\t\t<\/div>\n\t\t<div class=\"elementor-element elementor-element-d7a8b93 e-flex e-con-boxed e-con e-parent\" data-id=\"d7a8b93\" data-element_type=\"container\" data-settings=\"{&quot;background_background&quot;:&quot;classic&quot;}\">\n\t\t\t\t\t<div class=\"e-con-inner\">\n\t\t<div class=\"elementor-element elementor-element-2471401 e-con-full e-flex e-con e-child\" data-id=\"2471401\" data-element_type=\"container\" data-settings=\"{&quot;background_background&quot;:&quot;classic&quot;}\">\n\t\t<div class=\"elementor-element elementor-element-7868751 e-con-full e-flex e-con e-child\" data-id=\"7868751\" data-element_type=\"container\" data-settings=\"{&quot;background_background&quot;:&quot;classic&quot;}\">\n\t\t\t\t<div class=\"elementor-element elementor-element-c7385d3 elementor-widget elementor-widget-image\" data-id=\"c7385d3\" data-element_type=\"widget\" data-widget_type=\"image.default\">\n\t\t\t\t<div class=\"elementor-widget-container\">\n\t\t\t\t\t\t\t\t\t\t\t\t\t\t\t<img loading=\"lazy\" decoding=\"async\" width=\"700\" height=\"600\" src=\"https:\/\/interamplify.com\/wp-content\/uploads\/2025\/03\/product-logo-sportswritely.png\" class=\"attachment-large size-large wp-image-6689\" alt=\"\" srcset=\"https:\/\/interamplify.com\/wp-content\/uploads\/2025\/03\/product-logo-sportswritely.png 700w, https:\/\/interamplify.com\/wp-content\/uploads\/2025\/03\/product-logo-sportswritely-300x257.png 300w\" sizes=\"(max-width: 700px) 100vw, 700px\" \/>\t\t\t\t\t\t\t\t\t\t\t\t\t\t\t<\/div>\n\t\t\t\t<\/div>\n\t\t\t\t<\/div>\n\t\t<div class=\"elementor-element elementor-element-53a961d e-con-full e-flex e-con e-child\" data-id=\"53a961d\" data-element_type=\"container\" data-settings=\"{&quot;background_background&quot;:&quot;classic&quot;}\">\n\t\t\t\t<div class=\"elementor-element elementor-element-8b6c663 elementor-widget__width-initial elementor-widget elementor-widget-heading\" data-id=\"8b6c663\" data-element_type=\"widget\" data-widget_type=\"heading.default\">\n\t\t\t\t<div class=\"elementor-widget-container\">\n\t\t\t\t\t<h2 class=\"elementor-heading-title elementor-size-default\">SportsWritely<\/h2>\t\t\t\t<\/div>\n\t\t\t\t<\/div>\n\t\t\t\t<div class=\"elementor-element elementor-element-d24fc81 elementor-widget elementor-widget-text-editor\" data-id=\"d24fc81\" data-element_type=\"widget\" data-settings=\"{&quot;_animation&quot;:&quot;none&quot;}\" data-widget_type=\"text-editor.default\">\n\t\t\t\t<div class=\"elementor-widget-container\">\n\t\t\t\t\t\t\t\t\t<p>Impulsa tu cobertura deportiva con SportsWritely, la soluci\u00f3n definitiva de contenidos impulsados por IA para previsualizaciones de partidos, predicciones, an\u00e1lisis posteriores a los partidos y mucho m\u00e1s.<\/p><p>Nuestra tecnolog\u00eda garantiza que tus art\u00edculos se publiquen en el momento perfecto para maximizar la visibilidad en Google Noticias, Discover y Top Stories. Adel\u00e1ntate a la competencia con contenido deportivo r\u00e1pido, optimizado y atractivo que se clasifique<\/p>\t\t\t\t\t\t\t\t<\/div>\n\t\t\t\t<\/div>\n\t\t\t\t<div class=\"elementor-element elementor-element-f7a26b5 elementor-align-left elementor-widget elementor-widget-button\" data-id=\"f7a26b5\" data-element_type=\"widget\" data-widget_type=\"button.default\">\n\t\t\t\t<div class=\"elementor-widget-container\">\n\t\t\t\t\t\t\t\t\t<div class=\"elementor-button-wrapper\">\n\t\t\t\t\t<a class=\"elementor-button elementor-button-link elementor-size-sm\" href=\"https:\/\/interamplify.com\/sportswritely-join-the-waitlist\/\">\n\t\t\t\t\t\t<span class=\"elementor-button-content-wrapper\">\n\t\t\t\t\t\t\t\t\t<span class=\"elementor-button-text\">Descubre SportsWritely<\/span>\n\t\t\t\t\t<\/span>\n\t\t\t\t\t<\/a>\n\t\t\t\t<\/div>\n\t\t\t\t\t\t\t\t<\/div>\n\t\t\t\t<\/div>\n\t\t\t\t<\/div>\n\t\t\t\t<\/div>\n\t\t\t\t\t<\/div>\n\t\t\t\t<\/div>\n\t\t<div class=\"elementor-element elementor-element-c90f6f3 e-flex e-con-boxed e-con e-parent\" data-id=\"c90f6f3\" data-element_type=\"container\" data-settings=\"{&quot;background_background&quot;:&quot;classic&quot;}\">\n\t\t\t\t\t<div class=\"e-con-inner\">\n\t\t<div class=\"elementor-element elementor-element-7915146 e-con-full e-flex e-con e-child\" data-id=\"7915146\" data-element_type=\"container\" data-settings=\"{&quot;background_background&quot;:&quot;classic&quot;}\">\n\t\t<div class=\"elementor-element elementor-element-9fd8605 e-con-full e-flex e-con e-child\" data-id=\"9fd8605\" data-element_type=\"container\" data-settings=\"{&quot;background_background&quot;:&quot;classic&quot;}\">\n\t\t\t\t<div class=\"elementor-element elementor-element-b65844a elementor-widget elementor-widget-image\" data-id=\"b65844a\" data-element_type=\"widget\" data-widget_type=\"image.default\">\n\t\t\t\t<div class=\"elementor-widget-container\">\n\t\t\t\t\t\t\t\t\t\t\t\t\t\t\t<img loading=\"lazy\" decoding=\"async\" width=\"700\" height=\"600\" src=\"https:\/\/interamplify.com\/wp-content\/uploads\/2025\/03\/product-logo-translatehub.png\" class=\"attachment-large size-large wp-image-6690\" alt=\"\" srcset=\"https:\/\/interamplify.com\/wp-content\/uploads\/2025\/03\/product-logo-translatehub.png 700w, https:\/\/interamplify.com\/wp-content\/uploads\/2025\/03\/product-logo-translatehub-300x257.png 300w\" sizes=\"(max-width: 700px) 100vw, 700px\" \/>\t\t\t\t\t\t\t\t\t\t\t\t\t\t\t<\/div>\n\t\t\t\t<\/div>\n\t\t\t\t<\/div>\n\t\t<div class=\"elementor-element elementor-element-6e773c8 e-con-full e-flex e-con e-child\" data-id=\"6e773c8\" data-element_type=\"container\" data-settings=\"{&quot;background_background&quot;:&quot;classic&quot;}\">\n\t\t\t\t<div class=\"elementor-element elementor-element-f8aaf44 elementor-widget__width-initial elementor-widget elementor-widget-heading\" data-id=\"f8aaf44\" data-element_type=\"widget\" data-widget_type=\"heading.default\">\n\t\t\t\t<div class=\"elementor-widget-container\">\n\t\t\t\t\t<h2 class=\"elementor-heading-title elementor-size-default\">TranslateHub<\/h2>\t\t\t\t<\/div>\n\t\t\t\t<\/div>\n\t\t\t\t<div class=\"elementor-element elementor-element-a394566 elementor-widget elementor-widget-text-editor\" data-id=\"a394566\" data-element_type=\"widget\" data-settings=\"{&quot;_animation&quot;:&quot;none&quot;}\" data-widget_type=\"text-editor.default\">\n\t\t\t\t<div class=\"elementor-widget-container\">\n\t\t\t\t\t\t\t\t\t<p>Ampl\u00eda tu audiencia sin esfuerzo con TranslateHub, la soluci\u00f3n definitiva de traducci\u00f3n basada en IA. Dise\u00f1ado para afiliados, creadores de contenidos y empresas, TranslateHub ofrece traducciones de alta calidad, optimizadas para de Marketing y adaptadas a los mercados internacionales.<\/p><p>Rompe las barreras ling\u00fc\u00edsticas, clasif\u00edcate globalmente y maximiza tu alcance con precisi\u00f3n y eficacia.<\/p>\t\t\t\t\t\t\t\t<\/div>\n\t\t\t\t<\/div>\n\t\t\t\t<div class=\"elementor-element elementor-element-bf7e17c elementor-align-left elementor-widget elementor-widget-button\" data-id=\"bf7e17c\" data-element_type=\"widget\" data-widget_type=\"button.default\">\n\t\t\t\t<div class=\"elementor-widget-container\">\n\t\t\t\t\t\t\t\t\t<div class=\"elementor-button-wrapper\">\n\t\t\t\t\t<a class=\"elementor-button elementor-button-link elementor-size-sm\" href=\"https:\/\/interamplify.com\/translatehub-join-the-waitlist\/\">\n\t\t\t\t\t\t<span class=\"elementor-button-content-wrapper\">\n\t\t\t\t\t\t\t\t\t<span class=\"elementor-button-text\">Descubre TranslateHub<\/span>\n\t\t\t\t\t<\/span>\n\t\t\t\t\t<\/a>\n\t\t\t\t<\/div>\n\t\t\t\t\t\t\t\t<\/div>\n\t\t\t\t<\/div>\n\t\t\t\t<\/div>\n\t\t\t\t<\/div>\n\t\t\t\t\t<\/div>\n\t\t\t\t<\/div>\n\t\t<div class=\"elementor-element elementor-element-34fefa7 e-flex e-con-boxed e-con e-parent\" data-id=\"34fefa7\" data-element_type=\"container\" data-settings=\"{&quot;background_background&quot;:&quot;classic&quot;}\">\n\t\t\t\t\t<div class=\"e-con-inner\">\n\t\t\t\t<div class=\"elementor-element elementor-element-51c4063 elementor-widget elementor-widget-spacer\" data-id=\"51c4063\" data-element_type=\"widget\" data-widget_type=\"spacer.default\">\n\t\t\t\t<div class=\"elementor-widget-container\">\n\t\t\t\t\t\t\t<div class=\"elementor-spacer\">\n\t\t\t<div class=\"elementor-spacer-inner\"><\/div>\n\t\t<\/div>\n\t\t\t\t\t\t<\/div>\n\t\t\t\t<\/div>\n\t\t\t\t\t<\/div>\n\t\t\t\t<\/div>\n\t\t\t\t<\/div>\n\t\t","protected":false},"excerpt":{"rendered":"<p>Desarrollado por Interamplify Soluciones creadas para Impulsar tu Proyecto Descubre nuestro conjunto de innovadores productos SaaS dise\u00f1ados para impulsar los rankings, optimizar las estrategias de afiliaci\u00f3n y mejorar la visibilidad global. Tanto si necesitas contenidos impulsados por IA, un seguimiento avanzado o potentes herramientas de Marketing . Hablemos hoy ORSTraffic Lleva la clasificaci\u00f3n de tu [&hellip;]<\/p>\n","protected":false},"author":4,"featured_media":0,"parent":0,"menu_order":0,"comment_status":"closed","ping_status":"closed","template":"","meta":{"footnotes":""},"wf_page_folders":[11],"class_list":["post-7092","page","type-page","status-publish","hentry"],"_links":{"self":[{"href":"https:\/\/interamplify.com\/es\/wp-json\/wp\/v2\/pages\/7092","targetHints":{"allow":["GET"]}}],"collection":[{"href":"https:\/\/interamplify.com\/es\/wp-json\/wp\/v2\/pages"}],"about":[{"href":"https:\/\/interamplify.com\/es\/wp-json\/wp\/v2\/types\/page"}],"author":[{"embeddable":true,"href":"https:\/\/interamplify.com\/es\/wp-json\/wp\/v2\/users\/4"}],"replies":[{"embeddable":true,"href":"https:\/\/interamplify.com\/es\/wp-json\/wp\/v2\/comments?post=7092"}],"version-history":[{"count":35,"href":"https:\/\/interamplify.com\/es\/wp-json\/wp\/v2\/pages\/7092\/revisions"}],"predecessor-version":[{"id":17491,"href":"https:\/\/interamplify.com\/es\/wp-json\/wp\/v2\/pages\/7092\/revisions\/17491"}],"wp:attachment":[{"href":"https:\/\/interamplify.com\/es\/wp-json\/wp\/v2\/media?parent=7092"}],"wp:term":[{"taxonomy":"wf_page_folders","embeddable":true,"href":"https:\/\/interamplify.com\/es\/wp-json\/wp\/v2\/wf_page_folders?post=7092"}],"curies":[{"name":"wp","href":"https:\/\/api.w.org\/{rel}","templated":true}]}}