{"id":6746,"date":"2025-02-25T09:18:44","date_gmt":"2025-02-25T08:18:44","guid":{"rendered":"https:\/\/interamplify.com\/legal\/"},"modified":"2025-04-07T18:57:35","modified_gmt":"2025-04-07T16:57:35","slug":"legal","status":"publish","type":"page","link":"https:\/\/interamplify.com\/es\/legal\/","title":{"rendered":"Legal"},"content":{"rendered":"\t\t<div data-elementor-type=\"wp-page\" data-elementor-id=\"6746\" class=\"elementor elementor-6746 elementor-5156\" data-elementor-post-type=\"page\">\n\t\t\t\t<div class=\"elementor-element elementor-element-42a28a3 e-flex e-con-boxed e-con e-parent\" data-id=\"42a28a3\" data-element_type=\"container\" data-settings=\"{&quot;background_background&quot;:&quot;classic&quot;}\">\n\t\t\t\t\t<div class=\"e-con-inner\">\n\t\t\t\t<div class=\"elementor-element elementor-element-7b58c05 elementor-widget__width-initial elementor-widget elementor-widget-heading\" data-id=\"7b58c05\" data-element_type=\"widget\" data-widget_type=\"heading.default\">\n\t\t\t\t<div class=\"elementor-widget-container\">\n\t\t\t\t\t<h1 class=\"elementor-heading-title elementor-size-default\">Legal<\/h1>\t\t\t\t<\/div>\n\t\t\t\t<\/div>\n\t\t\t\t<div class=\"elementor-element elementor-element-de0f57c elementor-widget elementor-widget-text-editor\" data-id=\"de0f57c\" data-element_type=\"widget\" data-settings=\"{&quot;_animation&quot;:&quot;none&quot;}\" data-widget_type=\"text-editor.default\">\n\t\t\t\t<div class=\"elementor-widget-container\">\n\t\t\t\t\t\t\t\t\t<p><strong>\u00daltima actualizaci\u00f3n:<\/strong> 5 de diciembre de 2024<\/p><p>En cumplimiento del art\u00edculo 10 de la Ley 34\/2002 de Servicios de la Sociedad de la Informaci\u00f3n y de Comercio Electr\u00f3nico, ponemos a disposici\u00f3n de los usuarios la siguiente informaci\u00f3n:<\/p><ul><li>Nombre de la empresa: Multilingual Outreach Interamplify SL<\/li><li>Nombre comercial: Interamplificar<\/li><li>Domicilio Social: Avda Gin\u00e9s Campos 25 &#8211; 30840 &#8211; Alhama de Murcia &#8211; Murcia<\/li><li>CIF \/ NIF: B73946659<\/li><li>N\u00famero de tel\u00e9fono: 868080770<\/li><li>Correo electr\u00f3nico: info@interamplify.com<\/li><li>P\u00e1gina web: www.interamplify.com<\/li><\/ul><h2>Prop\u00f3sito<\/h2><p>El prestador, responsable del sitio web, pone a disposici\u00f3n de los usuarios el presente documento con el que pretende dar cumplimiento a las obligaciones dispuestas en la Ley 34\/2002, de Servicios de la Sociedad de la Informaci\u00f3n y del Comercio Electr\u00f3nico (LSSI-CE), as\u00ed como informar a todos los usuarios del sitio web respecto a cu\u00e1les son las condiciones de uso del mismo.<\/p><p>Toda persona que acceda a este sitio web asume el papel de usuario, comprometi\u00e9ndose a la observancia y cumplimiento riguroso de las disposiciones aqu\u00ed dispuestas, as\u00ed como a cualesquiera otra disposici\u00f3n legal que fuera de aplicaci\u00f3n.<\/p><p>El prestador se reserva el derecho a modificar cualquier tipo de informaci\u00f3n que pudiera aparecer en el sitio web, sin que exista obligaci\u00f3n de preavisar o poner en conocimiento de los usuarios dichas obligaciones. La publicaci\u00f3n de las modificaciones en el sitio web del proveedor se considerar\u00e1 notificaci\u00f3n suficiente.<\/p><h2>Responsabilidad<\/h2><p>El prestador se exime de cualquier tipo de responsabilidad derivada de la informaci\u00f3n publicada en su sitio web, siempre que esta informaci\u00f3n haya sido manipulada o introducida por un tercero ajeno al mismo.<\/p><p>El sitio web del proveedor puede utilizar cookies (peque\u00f1os archivos de datos que el servidor env\u00eda al dispositivo del usuario) para llevar a cabo funciones esenciales necesarias para el correcto funcionamiento y visualizaci\u00f3n del sitio. Las cookies utilizadas en este sitio web tienen, en todo caso, car\u00e1cter temporal con la \u00fanica finalidad de hacer m\u00e1s eficaz su transmisi\u00f3n ulterior. Desaparecen al final de la sesi\u00f3n del usuario. En ning\u00fan caso se utilizar\u00e1n cookies para recoger informaci\u00f3n personal.<\/p><p>Desde este sitio web, los usuarios pueden ser redirigidos a sitios web de terceros. Dado que el prestador no puede controlar siempre los contenidos introducidos por los terceros en sus sitios web, \u00e9ste no asume ning\u00fan tipo de responsabilidad respecto a dichos contenidos. En todo caso, el prestador manifiesta que proceder\u00e1 a la retirada inmediata de cualquier contenido que pudiera contravenir la legislaci\u00f3n nacional o internacional, la moral o el orden p\u00fablico, procediendo a la retirada inmediata de la redirecci\u00f3n a dicho sitio web, poniendo en conocimiento de las autoridades competentes el contenido en cuesti\u00f3n.<\/p><p>El prestador no se hace responsable de la informaci\u00f3n y contenidos almacenados, a t\u00edtulo enunciativo pero no limitativo, en foros, chats, generadores de blogs, comentarios, redes sociales o cualesquiera otro medio que permita a terceros publicar contenidos de forma independiente en la p\u00e1gina web del prestador.<\/p><p>No obstante, en cumplimiento de lo dispuesto en los art\u00edculos 11 y 16 de la LSSI-CE, el prestador se pone a disposici\u00f3n de los usuarios, autoridades y fuerzas de seguridad, y colaborando de forma activa en la retirada o en su caso bloqueo de todos aquellos contenidos que pudieran afectar o contravenir la legislaci\u00f3n nacional, o internacional, derechos de terceros, la moral o el orden p\u00fablico. Si un usuario cree que alg\u00fan contenido del sitio web puede entrar en esta clasificaci\u00f3n, se le ruega que lo notifique inmediatamente al administrador del sitio.<\/p><p>Este sitio web ha sido revisado y probado para garantizar su correcto funcionamiento. En principio, se puede garantizar su funcionamiento 365 d\u00edas al a\u00f1o, 24 horas al d\u00eda. No obstante, el prestador no descarta la posibilidad de que existan ciertos errores de programaci\u00f3n, o que acontezcan causas de fuerza mayor, cat\u00e1strofes naturales, huelgas, o circunstancias semejantes que hagan imposible el acceso a la p\u00e1gina web.<\/p><h2>Propiedad Intelectual e Industrial<\/h2><p>El sitio web, incluyendo a t\u00edtulo enunciativo pero no limitativo su programaci\u00f3n, edici\u00f3n, compilaci\u00f3n y dem\u00e1s elementos necesarios para su funcionamiento, as\u00ed como los dise\u00f1os, logotipos, texto y\/o gr\u00e1ficos son propiedad del prestador o en su caso dispone de licencia o autorizaci\u00f3n expresa por parte de los autores. Todos los contenidos del sitio web se encuentran debidamente protegidos por la normativa de propiedad intelectual e industrial, as\u00ed como inscritos en los registros p\u00fablicos correspondientes.<\/p><p>Independientemente de la finalidad para la que fueran destinados, la reproducci\u00f3n total o parcial, uso, explotaci\u00f3n, distribuci\u00f3n y comercializaci\u00f3n, requiere en todo caso de la autorizaci\u00f3n escrita previa por parte del prestador. Cualquier uso no autorizado ser\u00e1 considerado una infracci\u00f3n grave de los derechos de propiedad intelectual o industrial del autor.<\/p><p>Los dise\u00f1os, logotipos, texto y\/o gr\u00e1ficos ajenos al sitio web que pudieran aparecer en el mismo son propiedad de sus respectivos due\u00f1os, siendo ellos mismos responsables de cualquier posible controversia que pudiera suscitarse respecto a los mismos. El proveedor ha obtenido la autorizaci\u00f3n expresa y previa de estos terceros.<\/p><p>El prestador NO autoriza expresamente a que terceros redirijan directamente a contenidos concretos del sitio web; cualquier redirecci\u00f3n debe ser siempre al sitio web principal del prestador.<\/p><p>El prestador reconoce a favor de sus titulares los correspondientes derechos de propiedad industrial e intelectual. La menci\u00f3n o aparici\u00f3n de dichos derechos en el sitio web no implica responsabilidad alguna del prestador sobre los mismos, como tampoco respaldo, patrocinio o recomendaci\u00f3n.<\/p><p>Para comunicar cualquier posible infracci\u00f3n de los derechos de propiedad intelectual o industrial o cualquier duda respecto al contenido del sitio web, los usuarios pueden ponerse en contacto con el prestador a trav\u00e9s del siguiente correo electr\u00f3nico.<\/p><h2>Ley aplicable y jurisdicci\u00f3n<\/h2><p>Para la resoluci\u00f3n de todas las controversias o cuestiones relacionadas con el presente sitio web o de las actividades en \u00e9l desarrolladas, ser\u00e1 de aplicaci\u00f3n la legislaci\u00f3n espa\u00f1ola. Las partes se someten expresamente a la jurisdicci\u00f3n de los Juzgados y Tribunales de Alhama de Murcia para la resoluci\u00f3n de cuantos conflictos pudieran derivarse o estar relacionados con su uso.<\/p>\t\t\t\t\t\t\t\t<\/div>\n\t\t\t\t<\/div>\n\t\t\t\t\t<\/div>\n\t\t\t\t<\/div>\n\t\t\t\t<\/div>\n\t\t","protected":false},"excerpt":{"rendered":"<p>Legal \u00daltima actualizaci\u00f3n: 5 de diciembre de 2024 En cumplimiento del art\u00edculo 10 de la Ley 34\/2002 de Servicios de la Sociedad de la Informaci\u00f3n y de Comercio Electr\u00f3nico, ponemos a disposici\u00f3n de los usuarios la siguiente informaci\u00f3n: Nombre de la empresa: Multilingual Outreach Interamplify SL Nombre comercial: Interamplificar Domicilio Social: Avda Gin\u00e9s Campos 25 [&hellip;]<\/p>\n","protected":false},"author":4,"featured_media":0,"parent":0,"menu_order":0,"comment_status":"closed","ping_status":"closed","template":"","meta":{"footnotes":""},"wf_page_folders":[31],"class_list":["post-6746","page","type-page","status-publish","hentry"],"_links":{"self":[{"href":"https:\/\/interamplify.com\/es\/wp-json\/wp\/v2\/pages\/6746","targetHints":{"allow":["GET"]}}],"collection":[{"href":"https:\/\/interamplify.com\/es\/wp-json\/wp\/v2\/pages"}],"about":[{"href":"https:\/\/interamplify.com\/es\/wp-json\/wp\/v2\/types\/page"}],"author":[{"embeddable":true,"href":"https:\/\/interamplify.com\/es\/wp-json\/wp\/v2\/users\/4"}],"replies":[{"embeddable":true,"href":"https:\/\/interamplify.com\/es\/wp-json\/wp\/v2\/comments?post=6746"}],"version-history":[{"count":5,"href":"https:\/\/interamplify.com\/es\/wp-json\/wp\/v2\/pages\/6746\/revisions"}],"predecessor-version":[{"id":11326,"href":"https:\/\/interamplify.com\/es\/wp-json\/wp\/v2\/pages\/6746\/revisions\/11326"}],"wp:attachment":[{"href":"https:\/\/interamplify.com\/es\/wp-json\/wp\/v2\/media?parent=6746"}],"wp:term":[{"taxonomy":"wf_page_folders","embeddable":true,"href":"https:\/\/interamplify.com\/es\/wp-json\/wp\/v2\/wf_page_folders?post=6746"}],"curies":[{"name":"wp","href":"https:\/\/api.w.org\/{rel}","templated":true}]}}