{"id":6744,"date":"2025-02-25T09:30:06","date_gmt":"2025-02-25T08:30:06","guid":{"rendered":"https:\/\/interamplify.com\/politica-de-cookies\/"},"modified":"2025-04-07T18:58:02","modified_gmt":"2025-04-07T16:58:02","slug":"politica-de-cookies","status":"publish","type":"page","link":"https:\/\/interamplify.com\/es\/politica-de-cookies\/","title":{"rendered":"Pol\u00edtica de Cookies"},"content":{"rendered":"\t\t<div data-elementor-type=\"wp-page\" data-elementor-id=\"6744\" class=\"elementor elementor-6744 elementor-5177\" data-elementor-post-type=\"page\">\n\t\t\t\t<div class=\"elementor-element elementor-element-42a28a3 e-flex e-con-boxed e-con e-parent\" data-id=\"42a28a3\" data-element_type=\"container\" data-settings=\"{&quot;background_background&quot;:&quot;classic&quot;}\">\n\t\t\t\t\t<div class=\"e-con-inner\">\n\t\t\t\t<div class=\"elementor-element elementor-element-7b58c05 elementor-widget__width-initial elementor-widget elementor-widget-heading\" data-id=\"7b58c05\" data-element_type=\"widget\" data-widget_type=\"heading.default\">\n\t\t\t\t<div class=\"elementor-widget-container\">\n\t\t\t\t\t<h1 class=\"elementor-heading-title elementor-size-default\">Pol\u00edtica de Cookies<\/h1>\t\t\t\t<\/div>\n\t\t\t\t<\/div>\n\t\t\t\t<div class=\"elementor-element elementor-element-de0f57c elementor-widget elementor-widget-text-editor\" data-id=\"de0f57c\" data-element_type=\"widget\" data-settings=\"{&quot;_animation&quot;:&quot;none&quot;}\" data-widget_type=\"text-editor.default\">\n\t\t\t\t<div class=\"elementor-widget-container\">\n\t\t\t\t\t\t\t\t\t<p>El Titular te informa de que este sitio web utiliza cookies, as\u00ed como de su pol\u00edtica de recogida y del tratamiento que hace de las mismas.<\/p><h2><b>Qu\u00e9 son las cookies<\/b><\/h2><p>Una cookie es un fichero que se descarga en tu ordenador al entrar en determinadas p\u00e1ginas web. Las cookies permiten a un sitio web, entre otras cosas, almacenar y recuperar informaci\u00f3n sobre tus h\u00e1bitos de navegaci\u00f3n y -dependiendo de la informaci\u00f3n que contengan y de c\u00f3mo utilices tu ordenador- pueden utilizarse para identificarte.<\/p><h2><b>Tipos de cookies utilizadas<\/b><\/h2><p>El sitio web utiliza los siguientes tipos de cookies:<\/p><p><b>Cookies de an\u00e1lisis:<\/b> Son aqu\u00e9llas que bien tratadas por el sitio web o por terceros, permiten cuantificar el n\u00famero de usuarios y as\u00ed realizar la medici\u00f3n y an\u00e1lisis estad\u00edstico de la utilizaci\u00f3n que hacen los usuarios del sitio web. Para ello, se analiza la navegaci\u00f3n que realizas en este sitio web con el fin de mejorarlo.<\/p><p><b>Cookies t\u00e9cnicas:<\/b> Son aquellas tratadas por el sitio web que permiten a los usuarios registrados navegar por el \u00e1rea restringida y utilizar sus diferentes funcionalidades, como por ejemplo, realizar el proceso de compra de un Producto o Servicio.<br>Algunas cookies son esenciales para el funcionamiento del sitio web, por ejemplo, el sistema de comentarios o el navegador.<\/p><p><b>Cookies de Personalizaci\u00f3n: <\/b>Son aqu\u00e9llas que permiten al Usuario acceder al Servicio con algunas caracter\u00edsticas de car\u00e1cter general predefinidas en funci\u00f3n de una serie de criterios en el Usuario como por ejemplo serian el idioma o el tipo de navegador a trav\u00e9s del cual se conecta. a este sitio web.<\/p><p><b>Cookies publicitarias: <\/b>Son aqu\u00e9llas que, bien tratadas por el sitio web, bien por terceros, permiten gestionar de la forma m\u00e1s eficaz posible la oferta de los espacios publicitarios existentes en este sitio web, adecuando el contenido del anuncio al contenido del servicio solicitado o al uso que realices de este sitio web.<\/p><p>El Propietario o terceros pueden analizar tus h\u00e1bitos de navegaci\u00f3n en Internet y mostrarte publicidad relacionada con tu perfil de navegaci\u00f3n.<\/p><p>Cookies de publicidad comportamental: Este tipo de cookies almacenan informaci\u00f3n del comportamiento de los usuarios -obtenida a trav\u00e9s de la observaci\u00f3n continuada de sus h\u00e1bitos de navegaci\u00f3n-, lo que permite desarrollar un perfil espec\u00edfico para mostrarles publicidad en funci\u00f3n del mismo.<\/p><h2><b>Desactivar cookies<\/b><\/h2><p>Puedes aceptar, bloquear o eliminar las cookies instaladas en tu ordenador configurando las opciones de tu navegador.<\/p><p>En los siguientes enlaces encontrar\u00e1s instrucciones para activar o desactivar las cookies en los navegadores m\u00e1s comunes.<\/p><ul><li><b>Firefox:<\/b> <a href=\"http:\/\/support.mozilla.org\/es\/kb\/habilitar-y-deshabilitar-cookies-que-los-sitios-we\" target=\"_blank\" rel=\"nofollow noopener\">http:\/\/support.mozilla.org\/es\/kb\/habilitar-y-deshabilitar-cookies-que-los-sitios-we<\/a><\/li><li><b>Safari:<\/b> <a href=\"http:\/\/support.apple.com\/kb\/HT1677?viewlocale%20=es_ES\" target=\"_blank\" rel=\"nofollow noopener\">http:\/\/support.apple.com\/kb\/HT1677?viewlocale =es_ES<\/a><\/li><li><b>Google Chrome:<\/b><a href=\"https:\/\/support.google.com\/chrome\/answer\/95647?hl=es\" target=\"_blank\" rel=\"nofollow noopener\"> https:\/\/support.google.com\/chrome\/answer\/95647?hl=es<\/a><\/li><li><b>Internet Explorer:<\/b> <a href=\"https:\/\/support.microsoft.com\/es-ar\/help\/17442\/windows-internet-%20explorer-delete-manage-cookies\" target=\"_blank\" rel=\"nofollow noopener\">https:\/\/support.microsoft.com\/es-ar\/help\/17442\/windows-internet- explorer-delete-manage-cookies<\/a><\/li><li><b>Microsoft Edge:<\/b> <a href=\"https:\/\/support.microsoft.com\/es-ar\/help\/4027947\/microsoft-edge-delete-cookies\" target=\"_blank\" rel=\"nofollow noopener\">https:\/\/support.microsoft.com\/es-ar\/help\/4027947\/microsoft-edge-delete-cookies<\/a><\/li><\/ul><h2><b>Cookies de terceros<\/b><\/h2><p>El sitio web utiliza los servicios de \u00abGoogle Analytics\u00bb que puede instalar cookies que se utilizan para obtener datos estad\u00edsticos y publicitarios.<\/p><p>Este sitio web utiliza los servicios de \u00abDoubleClick\u00bb, que puede instalar cookies para recopilar informaci\u00f3n con fines estad\u00edsticos y de uso del sitio web. Las cookies instaladas permiten mejorar la publicidad que encuentras en el sitio web mostr\u00e1ndote publicidad de acuerdo con el contenido que es relevante para ti, mejorando as\u00ed tu percepci\u00f3n de la calidad del sitio web.<\/p><p>Este sitio web utiliza los servicios de \u00abGoogle Adsense\u00bb que puede instalar cookies para recopilar informaci\u00f3n con fines estad\u00edsticos y de uso del sitio web. Las cookies instaladas permiten mejorar la publicidad que encuentras en el sitio web mostr\u00e1ndote publicidad de acuerdo con el contenido que es relevante para ti, mejorando as\u00ed tu percepci\u00f3n de la calidad del sitio web.<\/p><p>Para dejar de recibir publicidad personalizada de Google, puedes inhabilitar la personalizaci\u00f3n de anuncios a trav\u00e9s de la Configuraci\u00f3n de anuncios de Google .<\/p><p>El sitio web incluye otras funcionalidades proporcionadas por las redes sociales y que pueden instalar cookies. Puedes compartir el contenido en tus redes sociales como Facebook, Twitter, Google +, Instagram o YouTube con los botones incluidos a tal efecto o con las herramientas para compartir de las redes sociales.<\/p><h2><b>Advertencia sobre la eliminaci\u00f3n de cookies<\/b><\/h2><p>Puedes eliminar y bloquear las cookies de este sitio web, pero parte del sitio no funcionar\u00e1 correctamente o su calidad puede verse afectada.<\/p><h2><b>Ponte en contacto con<\/b><\/h2><p>Si tienes alguna pregunta sobre esta Pol\u00edtica de Cookies o quieres hacer alg\u00fan comentario sobre este sitio web, puedes enviar un mensaje a trav\u00e9s de nuestro <a href=\"https:\/\/interamplify.com\/contacto\/\">formulario de contacto<\/a>.<\/p>\t\t\t\t\t\t\t\t<\/div>\n\t\t\t\t<\/div>\n\t\t\t\t\t<\/div>\n\t\t\t\t<\/div>\n\t\t\t\t<\/div>\n\t\t","protected":false},"excerpt":{"rendered":"<p>Pol\u00edtica de Cookies El Titular te informa de que este sitio web utiliza cookies, as\u00ed como de su pol\u00edtica de recogida y del tratamiento que hace de las mismas. Qu\u00e9 son las cookies Una cookie es un fichero que se descarga en tu ordenador al entrar en determinadas p\u00e1ginas web. Las cookies permiten a un [&hellip;]<\/p>\n","protected":false},"author":4,"featured_media":0,"parent":0,"menu_order":0,"comment_status":"closed","ping_status":"closed","template":"","meta":{"footnotes":""},"wf_page_folders":[31],"class_list":["post-6744","page","type-page","status-publish","hentry"],"_links":{"self":[{"href":"https:\/\/interamplify.com\/es\/wp-json\/wp\/v2\/pages\/6744","targetHints":{"allow":["GET"]}}],"collection":[{"href":"https:\/\/interamplify.com\/es\/wp-json\/wp\/v2\/pages"}],"about":[{"href":"https:\/\/interamplify.com\/es\/wp-json\/wp\/v2\/types\/page"}],"author":[{"embeddable":true,"href":"https:\/\/interamplify.com\/es\/wp-json\/wp\/v2\/users\/4"}],"replies":[{"embeddable":true,"href":"https:\/\/interamplify.com\/es\/wp-json\/wp\/v2\/comments?post=6744"}],"version-history":[{"count":9,"href":"https:\/\/interamplify.com\/es\/wp-json\/wp\/v2\/pages\/6744\/revisions"}],"predecessor-version":[{"id":11329,"href":"https:\/\/interamplify.com\/es\/wp-json\/wp\/v2\/pages\/6744\/revisions\/11329"}],"wp:attachment":[{"href":"https:\/\/interamplify.com\/es\/wp-json\/wp\/v2\/media?parent=6744"}],"wp:term":[{"taxonomy":"wf_page_folders","embeddable":true,"href":"https:\/\/interamplify.com\/es\/wp-json\/wp\/v2\/wf_page_folders?post=6744"}],"curies":[{"name":"wp","href":"https:\/\/api.w.org\/{rel}","templated":true}]}}