{"id":6732,"date":"2025-03-04T15:07:10","date_gmt":"2025-03-04T14:07:10","guid":{"rendered":"https:\/\/interamplify.com\/reserva-una-llamada\/"},"modified":"2025-08-20T02:52:05","modified_gmt":"2025-08-20T00:52:05","slug":"reserva-una-llamada","status":"publish","type":"page","link":"https:\/\/interamplify.com\/es\/reserva-una-llamada\/","title":{"rendered":"Reserva una llamada"},"content":{"rendered":"\t\t<div data-elementor-type=\"wp-page\" data-elementor-id=\"6732\" class=\"elementor elementor-6732 elementor-5486\" data-elementor-post-type=\"page\">\n\t\t\t\t<div class=\"elementor-element elementor-element-7445c6c elementor-hidden-tablet elementor-hidden-mobile e-flex e-con-boxed e-con e-parent\" data-id=\"7445c6c\" data-element_type=\"container\" data-settings=\"{&quot;background_background&quot;:&quot;classic&quot;}\">\n\t\t\t\t\t<div class=\"e-con-inner\">\n\t\t<div class=\"elementor-element elementor-element-b04f99c e-con-full e-flex e-con e-child\" data-id=\"b04f99c\" data-element_type=\"container\" data-settings=\"{&quot;background_background&quot;:&quot;classic&quot;}\">\n\t\t\t\t<div class=\"elementor-element elementor-element-6fb69d1 elementor-widget__width-initial elementor-widget elementor-widget-heading\" data-id=\"6fb69d1\" data-element_type=\"widget\" data-widget_type=\"heading.default\">\n\t\t\t\t<div class=\"elementor-widget-container\">\n\t\t\t\t\t<h2 class=\"elementor-heading-title elementor-size-default\">Programe su <span style=\"color: #005FFB\">consulta gratuita<\/span><\/h2>\t\t\t\t<\/div>\n\t\t\t\t<\/div>\n\t\t\t\t<div class=\"elementor-element elementor-element-6dfb4de elementor-widget elementor-widget-html\" data-id=\"6dfb4de\" data-element_type=\"widget\" data-widget_type=\"html.default\">\n\t\t\t\t<div class=\"elementor-widget-container\">\n\t\t\t\t\t<!-- Principio del widget integrado de Calendly -->\r\n<div class=\"calendly-inline-widget\" data-url=\"https:\/\/calendly.com\/interamplify-com\/30-minute-meeting-interamplify?hide_event_type_details=1&amp;hide_gdpr_banner=1\" style=\"min-width:320px;height:700px;\"><\/div>\r\n<script type=\"text\/javascript\" src=\"https:\/\/assets.calendly.com\/assets\/external\/widget.js\" async=\"\"><\/script>\r\n<!-- Final del widget integrado de Calendly -->\t\t\t\t<\/div>\n\t\t\t\t<\/div>\n\t\t\t\t<\/div>\n\t\t<div class=\"elementor-element elementor-element-e7ecd26 e-con-full e-flex e-con e-child\" data-id=\"e7ecd26\" data-element_type=\"container\">\n\t\t\t\t<div class=\"elementor-element elementor-element-dce1efe elementor-align-left elementor-widget elementor-widget-button\" data-id=\"dce1efe\" data-element_type=\"widget\" data-widget_type=\"button.default\">\n\t\t\t\t<div class=\"elementor-widget-container\">\n\t\t\t\t\t\t\t\t\t<div class=\"elementor-button-wrapper\">\n\t\t\t\t\t<a class=\"elementor-button elementor-button-link elementor-size-sm\" href=\"https:\/\/interamplify.com\/es\/\">\n\t\t\t\t\t\t<span class=\"elementor-button-content-wrapper\">\n\t\t\t\t\t\t\t\t\t<span class=\"elementor-button-text\">Interamplifica<\/span>\n\t\t\t\t\t<\/span>\n\t\t\t\t\t<\/a>\n\t\t\t\t<\/div>\n\t\t\t\t\t\t\t\t<\/div>\n\t\t\t\t<\/div>\n\t\t\t\t<div class=\"elementor-element elementor-element-040a587 elementor-widget elementor-widget-heading\" data-id=\"040a587\" data-element_type=\"widget\" data-widget_type=\"heading.default\">\n\t\t\t\t<div class=\"elementor-widget-container\">\n\t\t\t\t\t<h2 class=\"elementor-heading-title elementor-size-default\">Podemos ayudarlo con <span style=\"color: #005FFB\">m\u00e1s tr\u00e1fico<\/span><\/h2>\t\t\t\t<\/div>\n\t\t\t\t<\/div>\n\t\t\t\t<div class=\"elementor-element elementor-element-57ca5b1 elementor-widget elementor-widget-text-editor\" data-id=\"57ca5b1\" data-element_type=\"widget\" data-widget_type=\"text-editor.default\">\n\t\t\t\t<div class=\"elementor-widget-container\">\n\t\t\t\t\t\t\t\t\t<ul><li><span style=\"color: #005ffb;\">SEO 360\u00ba: <\/span>Desbloquea un tr\u00e1fico org\u00e1nico masivo y domina los rankings de b\u00fasqueda.<\/li><li><span style=\"color: #005ffb;\">Construcci\u00f3n de enlaces:<\/span> Poderosos backlinks que impulsan la autoridad y las clasificaciones.<\/li><li><span style=\"color: #005ffb;\">Redacci\u00f3n de contenido: <\/span>Contenido de alta calidad que atrae, convierte y clasifica.<\/li><li><span style=\"color: #005ffb;\">Intenci\u00f3n de b\u00fasqueda:<\/span> Estrategias basadas en la precisi\u00f3n para hacer coincidir la intenci\u00f3n del usuario con su contenido.<\/li><li><span style=\"color: #005ffb;\">Google Discover y noticias: <\/span>Aparece donde importa y aumenta la visibilidad.<\/li><li><span style=\"color: #005ffb;\">Consultor\u00eda: <\/span>Conocimientos de expertos para refinar su estrategia y acelerar el \u00e9xito.<\/li><\/ul>\t\t\t\t\t\t\t\t<\/div>\n\t\t\t\t<\/div>\n\t\t\t\t<\/div>\n\t\t\t\t\t<\/div>\n\t\t\t\t<\/div>\n\t\t<div class=\"elementor-element elementor-element-8e2ce9c elementor-hidden-desktop e-flex e-con-boxed e-con e-parent\" data-id=\"8e2ce9c\" data-element_type=\"container\" data-settings=\"{&quot;background_background&quot;:&quot;classic&quot;}\">\n\t\t\t\t\t<div class=\"e-con-inner\">\n\t\t<div class=\"elementor-element elementor-element-43585f9 e-con-full e-flex e-con e-child\" data-id=\"43585f9\" data-element_type=\"container\" data-settings=\"{&quot;background_background&quot;:&quot;classic&quot;}\">\n\t\t\t\t<div class=\"elementor-element elementor-element-cd661e0 elementor-widget__width-initial elementor-widget elementor-widget-heading\" data-id=\"cd661e0\" data-element_type=\"widget\" data-widget_type=\"heading.default\">\n\t\t\t\t<div class=\"elementor-widget-container\">\n\t\t\t\t\t<h2 class=\"elementor-heading-title elementor-size-default\">Programe su <span style=\"color: #005FFB\">consulta gratuita<\/span><\/h2>\t\t\t\t<\/div>\n\t\t\t\t<\/div>\n\t\t\t\t<div class=\"elementor-element elementor-element-18a11ca elementor-widget elementor-widget-html\" data-id=\"18a11ca\" data-element_type=\"widget\" data-widget_type=\"html.default\">\n\t\t\t\t<div class=\"elementor-widget-container\">\n\t\t\t\t\t<!-- Principio del widget integrado de Calendly -->\r\n<div class=\"calendly-inline-widget\" data-url=\"https:\/\/calendly.com\/interamplify-com\/30-minute-meeting-interamplify?hide_event_type_details=1&amp;hide_gdpr_banner=1\" style=\"min-width:300px;height:700px;\"><\/div>\r\n<script type=\"text\/javascript\" src=\"https:\/\/assets.calendly.com\/assets\/external\/widget.js\" async=\"\"><\/script>\r\n<!-- Final del widget integrado de Calendly -->\t\t\t\t<\/div>\n\t\t\t\t<\/div>\n\t\t\t\t<\/div>\n\t\t<div class=\"elementor-element elementor-element-03ab520 e-con-full e-flex e-con e-child\" data-id=\"03ab520\" data-element_type=\"container\">\n\t\t\t\t<div class=\"elementor-element elementor-element-4cd5db0 elementor-align-left elementor-widget elementor-widget-button\" data-id=\"4cd5db0\" data-element_type=\"widget\" data-widget_type=\"button.default\">\n\t\t\t\t<div class=\"elementor-widget-container\">\n\t\t\t\t\t\t\t\t\t<div class=\"elementor-button-wrapper\">\n\t\t\t\t\t<a class=\"elementor-button elementor-button-link elementor-size-sm\" href=\"https:\/\/interamplify.com\/es\/\">\n\t\t\t\t\t\t<span class=\"elementor-button-content-wrapper\">\n\t\t\t\t\t\t\t\t\t<span class=\"elementor-button-text\">Interamplifica<\/span>\n\t\t\t\t\t<\/span>\n\t\t\t\t\t<\/a>\n\t\t\t\t<\/div>\n\t\t\t\t\t\t\t\t<\/div>\n\t\t\t\t<\/div>\n\t\t\t\t<div class=\"elementor-element elementor-element-65949c5 elementor-widget elementor-widget-heading\" data-id=\"65949c5\" data-element_type=\"widget\" data-widget_type=\"heading.default\">\n\t\t\t\t<div class=\"elementor-widget-container\">\n\t\t\t\t\t<h2 class=\"elementor-heading-title elementor-size-default\">Podemos ayudarlo con <span style=\"color: #005FFB\">m\u00e1s tr\u00e1fico<\/span><\/h2>\t\t\t\t<\/div>\n\t\t\t\t<\/div>\n\t\t\t\t<div class=\"elementor-element elementor-element-119e727 elementor-widget elementor-widget-text-editor\" data-id=\"119e727\" data-element_type=\"widget\" data-widget_type=\"text-editor.default\">\n\t\t\t\t<div class=\"elementor-widget-container\">\n\t\t\t\t\t\t\t\t\t<ul><li><span style=\"color: #005ffb;\">SEO 360\u00ba: <\/span>Desbloquea un tr\u00e1fico org\u00e1nico masivo y domina los rankings de b\u00fasqueda.<\/li><li><span style=\"color: #005ffb;\">Construcci\u00f3n de enlaces:<\/span> Poderosos backlinks que impulsan la autoridad y las clasificaciones.<\/li><li><span style=\"color: #005ffb;\">Redacci\u00f3n de contenido: <\/span>Contenido de alta calidad que atrae, convierte y clasifica.<\/li><li><span style=\"color: #005ffb;\">Intenci\u00f3n de b\u00fasqueda:<\/span> Estrategias basadas en la precisi\u00f3n para hacer coincidir la intenci\u00f3n del usuario con su contenido.<\/li><li><span style=\"color: #005ffb;\">Google Discover y noticias: <\/span>Aparece donde importa y aumenta la visibilidad.<\/li><li><span style=\"color: #005ffb;\">Consultor\u00eda: <\/span>Conocimientos de expertos para refinar su estrategia y acelerar el \u00e9xito.<\/li><\/ul>\t\t\t\t\t\t\t\t<\/div>\n\t\t\t\t<\/div>\n\t\t\t\t<\/div>\n\t\t\t\t\t<\/div>\n\t\t\t\t<\/div>\n\t\t<div class=\"elementor-element elementor-element-393cd74d e-flex e-con-boxed e-con e-parent\" data-id=\"393cd74d\" data-element_type=\"container\" data-settings=\"{&quot;background_background&quot;:&quot;classic&quot;}\">\n\t\t\t\t\t<div class=\"e-con-inner\">\n\t\t\t\t<div class=\"elementor-element elementor-element-13c316a elementor-widget__width-initial elementor-widget-mobile__width-inherit elementor-widget elementor-widget-heading\" data-id=\"13c316a\" data-element_type=\"widget\" data-widget_type=\"heading.default\">\n\t\t\t\t<div class=\"elementor-widget-container\">\n\t\t\t\t\t<h2 class=\"elementor-heading-title elementor-size-default\">Reserva una llamada para obtener <span style=\"color: #005FFB\"> tu estrategia personalizada<\/span>\n<\/h2>\t\t\t\t<\/div>\n\t\t\t\t<\/div>\n\t\t<div class=\"elementor-element elementor-element-66be1fa9 e-grid e-con-full e-con e-child\" data-id=\"66be1fa9\" data-element_type=\"container\">\n\t\t<div class=\"elementor-element elementor-element-6b451614 e-flex e-con-boxed e-con e-child\" data-id=\"6b451614\" data-element_type=\"container\" data-settings=\"{&quot;background_background&quot;:&quot;classic&quot;}\">\n\t\t\t\t\t<div class=\"e-con-inner\">\n\t\t\t\t<div class=\"elementor-element elementor-element-32a73fef elementor-widget elementor-widget-heading\" data-id=\"32a73fef\" data-element_type=\"widget\" data-widget_type=\"heading.default\">\n\t\t\t\t<div class=\"elementor-widget-container\">\n\t\t\t\t\t<h2 class=\"elementor-heading-title elementor-size-default\">1<\/h2>\t\t\t\t<\/div>\n\t\t\t\t<\/div>\n\t\t\t\t<div class=\"elementor-element elementor-element-50163790 elementor-widget elementor-widget-heading\" data-id=\"50163790\" data-element_type=\"widget\" data-widget_type=\"heading.default\">\n\t\t\t\t<div class=\"elementor-widget-container\">\n\t\t\t\t\t<h2 class=\"elementor-heading-title elementor-size-default\">An\u00e1lisis en directo<\/h2>\t\t\t\t<\/div>\n\t\t\t\t<\/div>\n\t\t\t\t<div class=\"elementor-element elementor-element-6d2e5e33 elementor-widget elementor-widget-text-editor\" data-id=\"6d2e5e33\" data-element_type=\"widget\" data-widget_type=\"text-editor.default\">\n\t\t\t\t<div class=\"elementor-widget-container\">\n\t\t\t\t\t\t\t\t\tUn experto revisar\u00e1 tu sitio web y tu estrategia actual para identificar \u00e1reas de mejora.\t\t\t\t\t\t\t\t<\/div>\n\t\t\t\t<\/div>\n\t\t\t\t\t<\/div>\n\t\t\t\t<\/div>\n\t\t<div class=\"elementor-element elementor-element-5066850c e-flex e-con-boxed e-con e-child\" data-id=\"5066850c\" data-element_type=\"container\" data-settings=\"{&quot;background_background&quot;:&quot;classic&quot;}\">\n\t\t\t\t\t<div class=\"e-con-inner\">\n\t\t\t\t<div class=\"elementor-element elementor-element-497c4a8 elementor-widget elementor-widget-heading\" data-id=\"497c4a8\" data-element_type=\"widget\" data-widget_type=\"heading.default\">\n\t\t\t\t<div class=\"elementor-widget-container\">\n\t\t\t\t\t<h2 class=\"elementor-heading-title elementor-size-default\">2<\/h2>\t\t\t\t<\/div>\n\t\t\t\t<\/div>\n\t\t\t\t<div class=\"elementor-element elementor-element-23044fb4 elementor-widget elementor-widget-heading\" data-id=\"23044fb4\" data-element_type=\"widget\" data-widget_type=\"heading.default\">\n\t\t\t\t<div class=\"elementor-widget-container\">\n\t\t\t\t\t<h2 class=\"elementor-heading-title elementor-size-default\">Plan Estrat\u00e9gico<\/h2>\t\t\t\t<\/div>\n\t\t\t\t<\/div>\n\t\t\t\t<div class=\"elementor-element elementor-element-1745d66c elementor-widget elementor-widget-text-editor\" data-id=\"1745d66c\" data-element_type=\"widget\" data-widget_type=\"text-editor.default\">\n\t\t\t\t<div class=\"elementor-widget-container\">\n\t\t\t\t\t\t\t\t\tDiscutiremos las t\u00e1cticas m\u00e1s eficaces en funci\u00f3n de tus objetivos y tu mercado\t\t\t\t\t\t\t\t<\/div>\n\t\t\t\t<\/div>\n\t\t\t\t\t<\/div>\n\t\t\t\t<\/div>\n\t\t<div class=\"elementor-element elementor-element-593c7791 e-con-full e-flex e-con e-child\" data-id=\"593c7791\" data-element_type=\"container\" data-settings=\"{&quot;background_background&quot;:&quot;classic&quot;}\">\n\t\t\t\t<div class=\"elementor-element elementor-element-17529936 elementor-widget elementor-widget-heading\" data-id=\"17529936\" data-element_type=\"widget\" data-widget_type=\"heading.default\">\n\t\t\t\t<div class=\"elementor-widget-container\">\n\t\t\t\t\t<h2 class=\"elementor-heading-title elementor-size-default\">3<\/h2>\t\t\t\t<\/div>\n\t\t\t\t<\/div>\n\t\t\t\t<div class=\"elementor-element elementor-element-428b9697 elementor-widget elementor-widget-heading\" data-id=\"428b9697\" data-element_type=\"widget\" data-widget_type=\"heading.default\">\n\t\t\t\t<div class=\"elementor-widget-container\">\n\t\t\t\t\t<h2 class=\"elementor-heading-title elementor-size-default\">  Pr\u00f3ximos pasos<\/h2>\t\t\t\t<\/div>\n\t\t\t\t<\/div>\n\t\t\t\t<div class=\"elementor-element elementor-element-4334d4c4 elementor-widget elementor-widget-text-editor\" data-id=\"4334d4c4\" data-element_type=\"widget\" data-widget_type=\"text-editor.default\">\n\t\t\t\t<div class=\"elementor-widget-container\">\n\t\t\t\t\t\t\t\t\tRecibir\u00e1s recomendaciones claras para optimizar tu crecimiento digital.\t\t\t\t\t\t\t\t<\/div>\n\t\t\t\t<\/div>\n\t\t\t\t<\/div>\n\t\t\t\t<\/div>\n\t\t\t\t\t<\/div>\n\t\t\t\t<\/div>\n\t\t\t\t<\/div>\n\t\t","protected":false},"excerpt":{"rendered":"<p>Programe su consulta gratuita Interamplifica Podemos ayudarlo con m\u00e1s tr\u00e1fico SEO 360\u00ba: Desbloquea un tr\u00e1fico org\u00e1nico masivo y domina los rankings de b\u00fasqueda. Construcci\u00f3n de enlaces: Poderosos backlinks que impulsan la autoridad y las clasificaciones. Redacci\u00f3n de contenido: Contenido de alta calidad que atrae, convierte y clasifica. Intenci\u00f3n de b\u00fasqueda: Estrategias basadas en la precisi\u00f3n [&hellip;]<\/p>\n","protected":false},"author":4,"featured_media":0,"parent":0,"menu_order":0,"comment_status":"closed","ping_status":"closed","template":"elementor_canvas","meta":{"footnotes":""},"wf_page_folders":[34],"class_list":["post-6732","page","type-page","status-publish","hentry"],"_links":{"self":[{"href":"https:\/\/interamplify.com\/es\/wp-json\/wp\/v2\/pages\/6732","targetHints":{"allow":["GET"]}}],"collection":[{"href":"https:\/\/interamplify.com\/es\/wp-json\/wp\/v2\/pages"}],"about":[{"href":"https:\/\/interamplify.com\/es\/wp-json\/wp\/v2\/types\/page"}],"author":[{"embeddable":true,"href":"https:\/\/interamplify.com\/es\/wp-json\/wp\/v2\/users\/4"}],"replies":[{"embeddable":true,"href":"https:\/\/interamplify.com\/es\/wp-json\/wp\/v2\/comments?post=6732"}],"version-history":[{"count":55,"href":"https:\/\/interamplify.com\/es\/wp-json\/wp\/v2\/pages\/6732\/revisions"}],"predecessor-version":[{"id":15572,"href":"https:\/\/interamplify.com\/es\/wp-json\/wp\/v2\/pages\/6732\/revisions\/15572"}],"wp:attachment":[{"href":"https:\/\/interamplify.com\/es\/wp-json\/wp\/v2\/media?parent=6732"}],"wp:term":[{"taxonomy":"wf_page_folders","embeddable":true,"href":"https:\/\/interamplify.com\/es\/wp-json\/wp\/v2\/wf_page_folders?post=6732"}],"curies":[{"name":"wp","href":"https:\/\/api.w.org\/{rel}","templated":true}]}}