{"id":15048,"date":"2025-06-20T17:38:59","date_gmt":"2025-06-20T15:38:59","guid":{"rendered":"https:\/\/interamplify.com\/terminos-y-condiciones\/"},"modified":"2025-06-20T18:21:03","modified_gmt":"2025-06-20T16:21:03","slug":"terminos-y-condiciones","status":"publish","type":"page","link":"https:\/\/interamplify.com\/es\/terminos-y-condiciones\/","title":{"rendered":"T\u00e9rminos y Condiciones"},"content":{"rendered":"\t\t<div data-elementor-type=\"wp-page\" data-elementor-id=\"15048\" class=\"elementor elementor-15048 elementor-15033\" data-elementor-post-type=\"page\">\n\t\t\t\t<div class=\"elementor-element elementor-element-42a28a3 e-flex e-con-boxed e-con e-parent\" data-id=\"42a28a3\" data-element_type=\"container\" data-settings=\"{&quot;background_background&quot;:&quot;classic&quot;}\">\n\t\t\t\t\t<div class=\"e-con-inner\">\n\t\t\t\t<div class=\"elementor-element elementor-element-7b58c05 elementor-widget__width-initial elementor-widget elementor-widget-heading\" data-id=\"7b58c05\" data-element_type=\"widget\" data-widget_type=\"heading.default\">\n\t\t\t\t<div class=\"elementor-widget-container\">\n\t\t\t\t\t<h1 class=\"elementor-heading-title elementor-size-default\">T\u00e9rminos y Condiciones<\/h1>\t\t\t\t<\/div>\n\t\t\t\t<\/div>\n\t\t\t\t<div class=\"elementor-element elementor-element-de0f57c elementor-widget elementor-widget-text-editor\" data-id=\"de0f57c\" data-element_type=\"widget\" data-settings=\"{&quot;_animation&quot;:&quot;none&quot;}\" data-widget_type=\"text-editor.default\">\n\t\t\t\t<div class=\"elementor-widget-container\">\n\t\t\t\t\t\t\t\t\t<p><strong>\u00daltima actualizaci\u00f3n:<\/strong> 20 de junio de 2025<\/p><p>Los presentes T\u00e9rminos y Condiciones (en adelante, los \u201cT\u00e9rminos\u201d) regulan el acceso, uso y contrataci\u00f3n de los servicios y productos prestados en el sitio web <a href=\"https:\/\/www.interamplify.com\">www.interamplify.com<\/a>, titularidad <strong>de Multilingual Outreach Interamplify S.L.<\/strong> (en adelante \u201cInteramplify\u201d, \u201cnosotros\u201d, \u201cnos\u201d o \u201cnuestro\u201d).<\/p><p>Al contratar cualquiera de nuestros servicios o comprar nuestros productos, usted acepta estar sujeto a estos T\u00e9rminos. Si no acepta estos T\u00e9rminos, le rogamos que se abstenga de utilizar o contratar cualquiera de nuestros servicios. <\/p><h2>1. Objeto del Acuerdo<\/h2><p>Interamplify ofrece servicios de marketing digital, divulgaci\u00f3n y SEO, as\u00ed como otras soluciones personalizadas, sujetas a los t\u00e9rminos comerciales espec\u00edficos acordados con cada cliente.<\/p><h2>2. Proceso de contrataci\u00f3n de servicios<\/h2><p>Los servicios podr\u00e1n ser contratados a trav\u00e9s de los canales disponibles en la p\u00e1gina web o mediante comunicaci\u00f3n directa con nuestro equipo comercial. Al confirmar el pedido, el cliente recibir\u00e1 un resumen que detalla el alcance, el precio y las condiciones de servicio aplicables. <\/p><h2>3. M\u00e9todos de pago<\/h2><p>Aceptamos los siguientes m\u00e9todos de pago:<\/p><ul><li><strong>Stripe<\/strong>: a trav\u00e9s de transacciones seguras con tarjeta de cr\u00e9dito o d\u00e9bito.<\/li><li><strong>Transferencias bancarias<\/strong>: nacionales o internacionales.<\/li><li><strong>Otros m\u00e9todos<\/strong>: acordados expl\u00edcitamente entre ambas partes.<\/li><\/ul><p>Todos los pagos deber\u00e1n realizarse en la moneda y m\u00e9todo de pago indicados en el momento de la contrataci\u00f3n. El servicio comenzar\u00e1 una vez que se confirme el pago, a menos que se acuerde lo contrario por escrito. <\/p><h2>4. Pol\u00edtica de cancelaciones y reembolsos<\/h2><h2>4.1 Cancelaci\u00f3n de Servicios<\/h2><p>Los clientes pueden solicitar la cancelaci\u00f3n de servicios o suscripciones recurrentes poni\u00e9ndose en contacto con nosotros en <a href=\"mailto:info@interamplify.com\">info@interamplify.com<\/a> con al menos <strong>cinco (5) d\u00edas h\u00e1biles de antelaci\u00f3n<\/strong> antes del pr\u00f3ximo ciclo de facturaci\u00f3n. La cancelaci\u00f3n ser\u00e1 efectiva al final del per\u00edodo de facturaci\u00f3n actual. <\/p><h2>4.2 Reembolsos<\/h2><p>Debido a la naturaleza personalizada y digital de nuestros servicios, <strong>no se emitir\u00e1n reembolsos una vez que el servicio haya comenzado<\/strong>, a menos que:<\/p><ul><li>Un acuerdo expl\u00edcito establece lo contrario.<\/li><li>El servicio a\u00fan no ha comenzado y el cliente solicita un reembolso dentro de los <strong>7 d\u00edas calendario<\/strong> posteriores a la compra.<\/li><li>Un fallo verificado por parte de Interamplify ha impedido la prestaci\u00f3n del servicio.<\/li><\/ul><p>Cualquier solicitud de reembolso se revisar\u00e1 individualmente. Si se aprueba, los reembolsos se procesar\u00e1n a trav\u00e9s del mismo m\u00e9todo de pago utilizado, dentro de los <strong>14 d\u00edas calendario<\/strong> posteriores a la aprobaci\u00f3n. <\/p><p>Al aceptar estos T\u00e9rminos, el cliente acepta expresamente el inicio inmediato de los servicios digitales o personalizados, renunciando as\u00ed al derecho legal de desistimiento de 14 d\u00edas, seg\u00fan lo permitido por el art\u00edculo 103 del Real Decreto Legislativo 1\/2007 (Espa\u00f1a).<\/p><h2>5. Responsabilidades del cliente<\/h2><p>El cliente se compromete a:<\/p><ul><li>Proporcionar informaci\u00f3n precisa, completa y actualizada.<\/li><li>Cooperar de buena fe durante la ejecuci\u00f3n del servicio.<\/li><li>Realice los pagos a tiempo seg\u00fan lo acordado.<\/li><\/ul><h2>6. Propiedad intelectual<\/h2><p>Salvo pacto en contrario por escrito, todos los derechos de propiedad intelectual e industrial derivados de la ejecuci\u00f3n de los servicios seguir\u00e1n siendo propiedad de Interamplify. El cliente solo podr\u00e1 utilizar los entregables dentro del alcance contratado. <\/p><h2>7. Responsabilidad<\/h2><p>Interamplify no se hace responsable de:<\/p><ul><li>Da\u00f1os indirectos o lucro cesante.<\/li><li>Retrasos causados por circunstancias externas o incontrolables.<\/li><li>No se han logrado resultados comerciales espec\u00edficos.<\/li><\/ul><p>En cualquier caso, la responsabilidad total de Interamplify no exceder\u00e1 el monto efectivamente pagado por el cliente dentro de los <strong>tres (3) meses<\/strong> anteriores al incidente.<\/p><h2>8. Modificaciones<\/h2><p>Nos reservamos el derecho de modificar estos T\u00e9rminos en cualquier momento. Cualquier actualizaci\u00f3n se publicar\u00e1 en esta p\u00e1gina y se aplicar\u00e1 a los contratos nuevos o renovados. <\/p><h2>9. Ley aplicable y jurisdicci\u00f3n<\/h2><p>Estos T\u00e9rminos se regir\u00e1n por las leyes de <strong>Espa\u00f1a<\/strong>. Cualquier controversia derivada de la prestaci\u00f3n de los servicios se someter\u00e1 a los <strong>Juzgados y Tribunales de Murcia<\/strong>, salvo que legalmente resulte aplicable otro fuero. <\/p><h2>10. Informaci\u00f3n y contacto de la empresa<\/h2><p><strong>Nombre legal:<\/strong> Difusi\u00f3n multiling\u00fce Interamplify S.L.<br><strong>Nombre comercial:<\/strong> Interamplificaci\u00f3n<br><strong>CIF \/ N\u00famero de identificaci\u00f3n fiscal:<\/strong> B73946659<br><strong>Domicilio social:<\/strong> Avda Gin\u00e9s Campos 25, 30840, Alhama de Murcia, Murcia, Espa\u00f1a<br><strong>Tel\u00e9fono:<\/strong> +34 868 080 770<br><strong>Correo electr\u00f3nico:<\/strong> <a href=\"mailto:info@interamplify.com\">info@interamplify.com<\/a><br><strong>Sitio web:<\/strong> <a href=\"https:\/\/www.interamplify.com\">www.interamplify.com<\/a><\/p>\t\t\t\t\t\t\t\t<\/div>\n\t\t\t\t<\/div>\n\t\t\t\t\t<\/div>\n\t\t\t\t<\/div>\n\t\t\t\t<\/div>\n\t\t","protected":false},"excerpt":{"rendered":"<p>T\u00e9rminos y Condiciones \u00daltima actualizaci\u00f3n: 20 de junio de 2025 Los presentes T\u00e9rminos y Condiciones (en adelante, los \u201cT\u00e9rminos\u201d) regulan el acceso, uso y contrataci\u00f3n de los servicios y productos prestados en el sitio web www.interamplify.com, titularidad de Multilingual Outreach Interamplify S.L. (en adelante \u201cInteramplify\u201d, \u201cnosotros\u201d, \u201cnos\u201d o \u201cnuestro\u201d). Al contratar cualquiera de nuestros servicios [&hellip;]<\/p>\n","protected":false},"author":1,"featured_media":0,"parent":0,"menu_order":0,"comment_status":"closed","ping_status":"closed","template":"","meta":{"footnotes":""},"wf_page_folders":[31],"class_list":["post-15048","page","type-page","status-publish","hentry"],"_links":{"self":[{"href":"https:\/\/interamplify.com\/es\/wp-json\/wp\/v2\/pages\/15048","targetHints":{"allow":["GET"]}}],"collection":[{"href":"https:\/\/interamplify.com\/es\/wp-json\/wp\/v2\/pages"}],"about":[{"href":"https:\/\/interamplify.com\/es\/wp-json\/wp\/v2\/types\/page"}],"author":[{"embeddable":true,"href":"https:\/\/interamplify.com\/es\/wp-json\/wp\/v2\/users\/1"}],"replies":[{"embeddable":true,"href":"https:\/\/interamplify.com\/es\/wp-json\/wp\/v2\/comments?post=15048"}],"version-history":[{"count":5,"href":"https:\/\/interamplify.com\/es\/wp-json\/wp\/v2\/pages\/15048\/revisions"}],"predecessor-version":[{"id":15054,"href":"https:\/\/interamplify.com\/es\/wp-json\/wp\/v2\/pages\/15048\/revisions\/15054"}],"wp:attachment":[{"href":"https:\/\/interamplify.com\/es\/wp-json\/wp\/v2\/media?parent=15048"}],"wp:term":[{"taxonomy":"wf_page_folders","embeddable":true,"href":"https:\/\/interamplify.com\/es\/wp-json\/wp\/v2\/wf_page_folders?post=15048"}],"curies":[{"name":"wp","href":"https:\/\/api.w.org\/{rel}","templated":true}]}}